{"id":8,"date":"2015-10-08T11:37:41","date_gmt":"2015-10-08T09:37:41","guid":{"rendered":"http:\/\/joierageetcourage.noblogs.org\/?page_id=8"},"modified":"2021-02-05T23:45:20","modified_gmt":"2021-02-05T22:45:20","slug":"presentation","status":"publish","type":"page","link":"https:\/\/joierageetcourage.noblogs.org\/?page_id=8","title":{"rendered":"pr\u00e9sentation et diffusion"},"content":{"rendered":"<p><em>\u00ab\u00a0joie, rage et courage\u00a0\u00bb<\/em> est une \u00e9mission de radio diffus\u00e9 sur <strong><a href=\"http:\/\/radiodio.axperia.net\/\" target=\"_blank\" rel=\"noopener noreferrer\">radio dio<\/a><\/strong> (89.5 FM sur Saint-\u00c9tienne et alentours). Les premi\u00e8res ann\u00e9es la diffusion se faisait les derniers lundi de chaque mois de 13 \u00e0 14h, mais maintenant c&rsquo;est les troisi\u00e8mes dimanche \u00e0 19h que \u00e7a d\u00e9gouline \u00e0 l&rsquo;antenne !<br \/>\n<em>\u00ab\u00a0Joie, rage et courage\u00a0\u00bb<\/em> se penche chaque mois sur un sujet \u00e0 travers prises de sons, interviews et petits montages, l&rsquo;id\u00e9e est de parler de luttes et de botter le cul \u00e0 la r\u00e9signation.<\/p>\n","protected":false},"excerpt":{"rendered":"<p>\u00ab\u00a0joie, rage et courage\u00a0\u00bb est une \u00e9mission de radio diffus\u00e9 sur radio dio (89.5 FM sur Saint-\u00c9tienne et alentours). Les premi\u00e8res ann\u00e9es la diffusion se faisait les derniers lundi de chaque mois de 13 \u00e0 14h, mais maintenant c&rsquo;est les troisi\u00e8mes dimanche \u00e0 19h que \u00e7a d\u00e9gouline \u00e0 l&rsquo;antenne ! \u00ab\u00a0Joie, rage et courage\u00a0\u00bb se &hellip; <a href=\"https:\/\/joierageetcourage.noblogs.org\/?page_id=8\" class=\"more-link\">Continuer la lecture de <span class=\"screen-reader-text\">pr\u00e9sentation et diffusion<\/span> <span class=\"meta-nav\">&rarr;<\/span><\/a><\/p>\n","protected":false},"author":10084,"featured_media":0,"parent":0,"menu_order":0,"comment_status":"closed","ping_status":"closed","template":"","meta":{"footnotes":""},"class_list":["post-8","page","type-page","status-publish","hentry"],"_links":{"self":[{"href":"https:\/\/joierageetcourage.noblogs.org\/index.php?rest_route=\/wp\/v2\/pages\/8","targetHints":{"allow":["GET"]}}],"collection":[{"href":"https:\/\/joierageetcourage.noblogs.org\/index.php?rest_route=\/wp\/v2\/pages"}],"about":[{"href":"https:\/\/joierageetcourage.noblogs.org\/index.php?rest_route=\/wp\/v2\/types\/page"}],"author":[{"embeddable":true,"href":"https:\/\/joierageetcourage.noblogs.org\/index.php?rest_route=\/wp\/v2\/users\/10084"}],"replies":[{"embeddable":true,"href":"https:\/\/joierageetcourage.noblogs.org\/index.php?rest_route=%2Fwp%2Fv2%2Fcomments&post=8"}],"version-history":[{"count":8,"href":"https:\/\/joierageetcourage.noblogs.org\/index.php?rest_route=\/wp\/v2\/pages\/8\/revisions"}],"predecessor-version":[{"id":494,"href":"https:\/\/joierageetcourage.noblogs.org\/index.php?rest_route=\/wp\/v2\/pages\/8\/revisions\/494"}],"wp:attachment":[{"href":"https:\/\/joierageetcourage.noblogs.org\/index.php?rest_route=%2Fwp%2Fv2%2Fmedia&parent=8"}],"curies":[{"name":"wp","href":"https:\/\/api.w.org\/{rel}","templated":true}]}}