{"id":35,"date":"2015-10-14T14:48:29","date_gmt":"2015-10-14T12:48:29","guid":{"rendered":"http:\/\/joierageetcourage.noblogs.org\/?page_id=35"},"modified":"2021-03-31T23:10:47","modified_gmt":"2021-03-31T21:10:47","slug":"generique-bande-annonce-affiches","status":"publish","type":"page","link":"https:\/\/joierageetcourage.noblogs.org\/?page_id=35","title":{"rendered":"g\u00e9n\u00e9rique, bande annonce, affiches&#8230;"},"content":{"rendered":"<p><a href=\"https:\/\/joierageetcourage.noblogs.org\/files\/2021\/03\/afficheXXinternet.jpg\"><img loading=\"lazy\" decoding=\"async\" class=\"aligncenter wp-image-505 size-full\" src=\"https:\/\/joierageetcourage.noblogs.org\/files\/2021\/03\/afficheXXinternet.jpg\" alt=\"\" width=\"919\" height=\"650\" srcset=\"https:\/\/joierageetcourage.noblogs.org\/files\/2021\/03\/afficheXXinternet.jpg 919w, https:\/\/joierageetcourage.noblogs.org\/files\/2021\/03\/afficheXXinternet-300x212.jpg 300w, https:\/\/joierageetcourage.noblogs.org\/files\/2021\/03\/afficheXXinternet-768x543.jpg 768w\" sizes=\"auto, (max-width: 919px) 100vw, 919px\" \/><\/a><\/p>\n<p>Ancienne affiche :<\/p>\n<p><a href=\"https:\/\/joierageetcourage.noblogs.org\/files\/2015\/12\/affiche.png\"><img loading=\"lazy\" decoding=\"async\" class=\"aligncenter size-large wp-image-70\" src=\"https:\/\/joierageetcourage.noblogs.org\/files\/2015\/12\/affiche-724x1024.png\" alt=\"affiche\" width=\"604\" height=\"854\" srcset=\"https:\/\/joierageetcourage.noblogs.org\/files\/2015\/12\/affiche-724x1024.png 724w, https:\/\/joierageetcourage.noblogs.org\/files\/2015\/12\/affiche-212x300.png 212w\" sizes=\"auto, (max-width: 604px) 100vw, 604px\" \/><\/a><\/p>\n<p>Les premi\u00e8res ann\u00e9es le g\u00e9n\u00e9rique c&rsquo;\u00e9tait l&rsquo;intro du morceaux \u00ab\u00a0Laika\u00a0\u00bb de Zegota :<\/p>\n<audio class=\"wp-audio-shortcode\" id=\"audio-35-1\" preload=\"none\" style=\"width: 100%;\" controls=\"controls\"><source type=\"audio\/mpeg\" src=\"https:\/\/we.riseup.net\/assets\/254154\/generique.mp3?_=1\" \/><a href=\"https:\/\/we.riseup.net\/assets\/254154\/generique.mp3\">https:\/\/we.riseup.net\/assets\/254154\/generique.mp3<\/a><\/audio>\n<p>Depuis automne 2018 l&rsquo;intro c&rsquo;est le morceau \u00ab\u00a0morse\u00a0\u00bb de <a href=\"https:\/\/coccyxcorp.bandcamp.com\/releases\" target=\"_blank\" rel=\"noopener\">Coccyx<\/a>.<\/p>\n<p>et voici le jingle (le sample c&rsquo;est un extrait de la guerre des boutons, le son c&rsquo;est l&rsquo;intro de \u00ab\u00a0double order\u00a0\u00bb de the ex :<br \/>\n[archiveorg jinglejoierageetcourage width=640 height=30 frameborder=0 webkitallowfullscreen=true mozallowfullscreen=true]<\/p>\n","protected":false},"excerpt":{"rendered":"<p>Ancienne affiche : Les premi\u00e8res ann\u00e9es le g\u00e9n\u00e9rique c&rsquo;\u00e9tait l&rsquo;intro du morceaux \u00ab\u00a0Laika\u00a0\u00bb de Zegota : Depuis automne 2018 l&rsquo;intro c&rsquo;est le morceau \u00ab\u00a0morse\u00a0\u00bb de Coccyx. et voici le jingle (le sample c&rsquo;est un extrait de la guerre des boutons, le son c&rsquo;est l&rsquo;intro de \u00ab\u00a0double order\u00a0\u00bb de the ex : [archiveorg jinglejoierageetcourage width=640 height=30 &hellip; <a href=\"https:\/\/joierageetcourage.noblogs.org\/?page_id=35\" class=\"more-link\">Continuer la lecture de <span class=\"screen-reader-text\">g\u00e9n\u00e9rique, bande annonce, affiches&#8230;<\/span> <span class=\"meta-nav\">&rarr;<\/span><\/a><\/p>\n","protected":false},"author":10084,"featured_media":0,"parent":0,"menu_order":0,"comment_status":"closed","ping_status":"closed","template":"","meta":{"footnotes":""},"class_list":["post-35","page","type-page","status-publish","hentry"],"_links":{"self":[{"href":"https:\/\/joierageetcourage.noblogs.org\/index.php?rest_route=\/wp\/v2\/pages\/35","targetHints":{"allow":["GET"]}}],"collection":[{"href":"https:\/\/joierageetcourage.noblogs.org\/index.php?rest_route=\/wp\/v2\/pages"}],"about":[{"href":"https:\/\/joierageetcourage.noblogs.org\/index.php?rest_route=\/wp\/v2\/types\/page"}],"author":[{"embeddable":true,"href":"https:\/\/joierageetcourage.noblogs.org\/index.php?rest_route=\/wp\/v2\/users\/10084"}],"replies":[{"embeddable":true,"href":"https:\/\/joierageetcourage.noblogs.org\/index.php?rest_route=%2Fwp%2Fv2%2Fcomments&post=35"}],"version-history":[{"count":13,"href":"https:\/\/joierageetcourage.noblogs.org\/index.php?rest_route=\/wp\/v2\/pages\/35\/revisions"}],"predecessor-version":[{"id":512,"href":"https:\/\/joierageetcourage.noblogs.org\/index.php?rest_route=\/wp\/v2\/pages\/35\/revisions\/512"}],"wp:attachment":[{"href":"https:\/\/joierageetcourage.noblogs.org\/index.php?rest_route=%2Fwp%2Fv2%2Fmedia&parent=35"}],"curies":[{"name":"wp","href":"https:\/\/api.w.org\/{rel}","templated":true}]}}